{"id":252,"date":"2025-06-11T16:02:22","date_gmt":"2025-06-11T16:02:22","guid":{"rendered":"https:\/\/lightgreen-emu-275074.hostingersite.com\/?page_id=252"},"modified":"2025-07-16T19:27:10","modified_gmt":"2025-07-16T19:27:10","slug":"my-account","status":"publish","type":"page","link":"https:\/\/psyquilibre.tn\/ar\/my-account\/","title":{"rendered":"Mon Compte"},"content":{"rendered":"<div class=\"woocommerce\"><\/div>","protected":false},"excerpt":{"rendered":"","protected":false},"author":2,"featured_media":0,"parent":0,"menu_order":0,"comment_status":"closed","ping_status":"closed","template":"","meta":{"_acf_changed":false,"footnotes":""},"class_list":["post-252","page","type-page","status-publish","hentry"],"acf":[],"yoast_head":"<!-- This site is optimized with the Yoast SEO plugin v27.4 - https:\/\/yoast.com\/product\/yoast-seo-wordpress\/ -->\n<title>Mon Compte - psyquilibre<\/title>\n<meta name=\"robots\" content=\"index, follow, max-snippet:-1, max-image-preview:large, max-video-preview:-1\" \/>\n<link rel=\"canonical\" href=\"https:\/\/psyquilibre.tn\/ar\/my-account\/\" \/>\n<meta property=\"og:locale\" content=\"ar_AR\" \/>\n<meta property=\"og:type\" content=\"article\" \/>\n<meta property=\"og:title\" content=\"Mon Compte - psyquilibre\" \/>\n<meta property=\"og:url\" content=\"https:\/\/psyquilibre.tn\/ar\/my-account\/\" \/>\n<meta property=\"og:site_name\" content=\"psyquilibre\" \/>\n<meta property=\"article:publisher\" content=\"https:\/\/www.facebook.com\/Asso.Interlinks\" \/>\n<meta property=\"article:modified_time\" content=\"2025-07-16T19:27:10+00:00\" \/>\n<meta name=\"twitter:card\" content=\"summary_large_image\" \/>\n<meta name=\"twitter:label1\" content=\"\u0648\u0642\u062a \u0627\u0644\u0642\u0631\u0627\u0621\u0629 \u0627\u0644\u0645\u064f\u0642\u062f\u0651\u0631\" \/>\n\t<meta name=\"twitter:data1\" content=\"\u062f\u0642\u064a\u0642\u0629 \u0648\u0627\u062d\u062f\u0629\" \/>\n<script type=\"application\/ld+json\" class=\"yoast-schema-graph\">{\"@context\":\"https:\\\/\\\/schema.org\",\"@graph\":[{\"@type\":\"WebPage\",\"@id\":\"https:\\\/\\\/psyquilibre.tn\\\/my-account\\\/\",\"url\":\"https:\\\/\\\/psyquilibre.tn\\\/my-account\\\/\",\"name\":\"Mon Compte - psyquilibre\",\"isPartOf\":{\"@id\":\"https:\\\/\\\/lightgreen-emu-275074.hostingersite.com\\\/#website\"},\"datePublished\":\"2025-06-11T16:02:22+00:00\",\"dateModified\":\"2025-07-16T19:27:10+00:00\",\"breadcrumb\":{\"@id\":\"https:\\\/\\\/psyquilibre.tn\\\/my-account\\\/#breadcrumb\"},\"inLanguage\":\"ar\",\"potentialAction\":[{\"@type\":\"ReadAction\",\"target\":[\"https:\\\/\\\/psyquilibre.tn\\\/my-account\\\/\"]}]},{\"@type\":\"BreadcrumbList\",\"@id\":\"https:\\\/\\\/psyquilibre.tn\\\/my-account\\\/#breadcrumb\",\"itemListElement\":[{\"@type\":\"ListItem\",\"position\":1,\"name\":\"Accueil\",\"item\":\"https:\\\/\\\/lightgreen-emu-275074.hostingersite.com\\\/\"},{\"@type\":\"ListItem\",\"position\":2,\"name\":\"Mon Compte\"}]},{\"@type\":\"WebSite\",\"@id\":\"https:\\\/\\\/lightgreen-emu-275074.hostingersite.com\\\/#website\",\"url\":\"https:\\\/\\\/lightgreen-emu-275074.hostingersite.com\\\/\",\"name\":\"psyquilibre\",\"description\":\"Une initiative de l\u2019association Interlinks, d\u00e9di\u00e9e \u00e0 rendre la sant\u00e9 mentale plus accessible pour les jeunes adultes en Tunisie.\",\"publisher\":{\"@id\":\"https:\\\/\\\/lightgreen-emu-275074.hostingersite.com\\\/#organization\"},\"potentialAction\":[{\"@type\":\"SearchAction\",\"target\":{\"@type\":\"EntryPoint\",\"urlTemplate\":\"https:\\\/\\\/lightgreen-emu-275074.hostingersite.com\\\/?s={search_term_string}\"},\"query-input\":{\"@type\":\"PropertyValueSpecification\",\"valueRequired\":true,\"valueName\":\"search_term_string\"}}],\"inLanguage\":\"ar\"},{\"@type\":\"Organization\",\"@id\":\"https:\\\/\\\/lightgreen-emu-275074.hostingersite.com\\\/#organization\",\"name\":\"psyquilibre\",\"url\":\"https:\\\/\\\/lightgreen-emu-275074.hostingersite.com\\\/\",\"logo\":{\"@type\":\"ImageObject\",\"inLanguage\":\"ar\",\"@id\":\"https:\\\/\\\/lightgreen-emu-275074.hostingersite.com\\\/#\\\/schema\\\/logo\\\/image\\\/\",\"url\":\"https:\\\/\\\/psyquilibre.tn\\\/wp-content\\\/uploads\\\/2025\\\/05\\\/psyq-logo-e1749590499776.png\",\"contentUrl\":\"https:\\\/\\\/psyquilibre.tn\\\/wp-content\\\/uploads\\\/2025\\\/05\\\/psyq-logo-e1749590499776.png\",\"width\":874,\"height\":667,\"caption\":\"psyquilibre\"},\"image\":{\"@id\":\"https:\\\/\\\/lightgreen-emu-275074.hostingersite.com\\\/#\\\/schema\\\/logo\\\/image\\\/\"},\"sameAs\":[\"https:\\\/\\\/www.facebook.com\\\/Asso.Interlinks\",\"https:\\\/\\\/www.instagram.com\\\/interlinks_org\",\"https:\\\/\\\/www.linkedin.com\\\/company\\\/association-interlinks\\\/\"]}]}<\/script>\n<!-- \/ Yoast SEO plugin. -->","yoast_head_json":{"title":"Mon Compte - psyquilibre","robots":{"index":"index","follow":"follow","max-snippet":"max-snippet:-1","max-image-preview":"max-image-preview:large","max-video-preview":"max-video-preview:-1"},"canonical":"https:\/\/psyquilibre.tn\/ar\/my-account\/","og_locale":"ar_AR","og_type":"article","og_title":"Mon Compte - psyquilibre","og_url":"https:\/\/psyquilibre.tn\/ar\/my-account\/","og_site_name":"psyquilibre","article_publisher":"https:\/\/www.facebook.com\/Asso.Interlinks","article_modified_time":"2025-07-16T19:27:10+00:00","twitter_card":"summary_large_image","twitter_misc":{"\u0648\u0642\u062a \u0627\u0644\u0642\u0631\u0627\u0621\u0629 \u0627\u0644\u0645\u064f\u0642\u062f\u0651\u0631":"\u062f\u0642\u064a\u0642\u0629 \u0648\u0627\u062d\u062f\u0629"},"schema":{"@context":"https:\/\/schema.org","@graph":[{"@type":"WebPage","@id":"https:\/\/psyquilibre.tn\/my-account\/","url":"https:\/\/psyquilibre.tn\/my-account\/","name":"Mon Compte - psyquilibre","isPartOf":{"@id":"https:\/\/lightgreen-emu-275074.hostingersite.com\/#website"},"datePublished":"2025-06-11T16:02:22+00:00","dateModified":"2025-07-16T19:27:10+00:00","breadcrumb":{"@id":"https:\/\/psyquilibre.tn\/my-account\/#breadcrumb"},"inLanguage":"ar","potentialAction":[{"@type":"ReadAction","target":["https:\/\/psyquilibre.tn\/my-account\/"]}]},{"@type":"BreadcrumbList","@id":"https:\/\/psyquilibre.tn\/my-account\/#breadcrumb","itemListElement":[{"@type":"ListItem","position":1,"name":"Accueil","item":"https:\/\/lightgreen-emu-275074.hostingersite.com\/"},{"@type":"ListItem","position":2,"name":"Mon Compte"}]},{"@type":"WebSite","@id":"https:\/\/lightgreen-emu-275074.hostingersite.com\/#website","url":"https:\/\/lightgreen-emu-275074.hostingersite.com\/","name":"psyquilibre","description":"Une initiative de l\u2019association Interlinks, d\u00e9di\u00e9e \u00e0 rendre la sant\u00e9 mentale plus accessible pour les jeunes adultes en Tunisie.","publisher":{"@id":"https:\/\/lightgreen-emu-275074.hostingersite.com\/#organization"},"potentialAction":[{"@type":"SearchAction","target":{"@type":"EntryPoint","urlTemplate":"https:\/\/lightgreen-emu-275074.hostingersite.com\/?s={search_term_string}"},"query-input":{"@type":"PropertyValueSpecification","valueRequired":true,"valueName":"search_term_string"}}],"inLanguage":"ar"},{"@type":"Organization","@id":"https:\/\/lightgreen-emu-275074.hostingersite.com\/#organization","name":"psyquilibre","url":"https:\/\/lightgreen-emu-275074.hostingersite.com\/","logo":{"@type":"ImageObject","inLanguage":"ar","@id":"https:\/\/lightgreen-emu-275074.hostingersite.com\/#\/schema\/logo\/image\/","url":"https:\/\/psyquilibre.tn\/wp-content\/uploads\/2025\/05\/psyq-logo-e1749590499776.png","contentUrl":"https:\/\/psyquilibre.tn\/wp-content\/uploads\/2025\/05\/psyq-logo-e1749590499776.png","width":874,"height":667,"caption":"psyquilibre"},"image":{"@id":"https:\/\/lightgreen-emu-275074.hostingersite.com\/#\/schema\/logo\/image\/"},"sameAs":["https:\/\/www.facebook.com\/Asso.Interlinks","https:\/\/www.instagram.com\/interlinks_org","https:\/\/www.linkedin.com\/company\/association-interlinks\/"]}]}},"_hostinger_reach_plugin_has_subscription_block":false,"_hostinger_reach_plugin_is_elementor":false,"_links":{"self":[{"href":"https:\/\/psyquilibre.tn\/ar\/wp-json\/wp\/v2\/pages\/252","targetHints":{"allow":["GET"]}}],"collection":[{"href":"https:\/\/psyquilibre.tn\/ar\/wp-json\/wp\/v2\/pages"}],"about":[{"href":"https:\/\/psyquilibre.tn\/ar\/wp-json\/wp\/v2\/types\/page"}],"author":[{"embeddable":true,"href":"https:\/\/psyquilibre.tn\/ar\/wp-json\/wp\/v2\/users\/2"}],"replies":[{"embeddable":true,"href":"https:\/\/psyquilibre.tn\/ar\/wp-json\/wp\/v2\/comments?post=252"}],"version-history":[{"count":1,"href":"https:\/\/psyquilibre.tn\/ar\/wp-json\/wp\/v2\/pages\/252\/revisions"}],"predecessor-version":[{"id":728,"href":"https:\/\/psyquilibre.tn\/ar\/wp-json\/wp\/v2\/pages\/252\/revisions\/728"}],"wp:attachment":[{"href":"https:\/\/psyquilibre.tn\/ar\/wp-json\/wp\/v2\/media?parent=252"}],"curies":[{"name":"wp","href":"https:\/\/api.w.org\/{rel}","templated":true}]}}